{"id":14,"date":"2025-11-19T09:24:55","date_gmt":"2025-11-19T09:24:55","guid":{"rendered":"https:\/\/vvc-transport-logistics.com\/?page_id=14"},"modified":"2026-03-13T22:05:35","modified_gmt":"2026-03-13T22:05:35","slug":"contact","status":"publish","type":"page","link":"https:\/\/vvc-transport-logistics.com\/index.php\/contact\/","title":{"rendered":"Contact"},"content":{"rendered":"\n<p class=\"has-text-align-center is-style-small-text\"><strong>Obtenez votre devis gratuit en quelques clics : par e-mail, WhatsApp ou via notre formulaire.<\/strong><\/p>\n\n\n\n<div class=\"wp-block-group  pt-1 pb-1 is-layout-flow wp-block-group-is-layout-flow\">\n<h2 class=\"wp-block-heading has-text-align-center is-style-small-text\"><mark style=\"background-color:var(--colorMain)\" class=\"has-inline-color has-light-color\">VVC Transport logistics<\/mark><\/h2>\n\n\n\n<h2 class=\"wp-block-heading has-text-align-center has-huge-font-size\" style=\"margin-top:15px;margin-bottom:20px\">Mooving goods, connecting people<\/h2>\n\n\n\n<p class=\"has-text-align-center has-normal-font-size\">Vous avez une question ou un besoin en transport et logistique ?<br>Contactez-nous, nous vous r\u00e9pondrons dans les plus brefs d\u00e9lais.<\/p>\n\n\n\n<p class=\"has-text-align-center has-normal-font-size\"><\/p>\n\n\n\n<div style=\"height:40px\" aria-hidden=\"true\" class=\"wp-block-spacer\"><\/div>\n<\/div>\n\n\n\n<div class=\"wp-block-columns  cols-single-sm is-layout-flex wp-container-core-columns-is-layout-9d6595d7 wp-block-columns-is-layout-flex\">\n<div class=\"wp-block-column is-layout-flow wp-block-column-is-layout-flow\">\n<figure class=\"wp-block-image aligncenter size-full is-resized mb-0 is-style-default\"><img decoding=\"async\" src=\"https:\/\/vvc-transport-logistics.com\/wp-content\/themes\/exs-logistics\/assets\/img\/mail.png\" alt=\"\" class=\"wp-image-340\" style=\"width:70px\"\/><\/figure>\n\n\n\n<h5 class=\"wp-block-heading has-text-align-center mb-0 mt-1\">Courriel<\/h5>\n\n\n\n<p class=\"has-text-align-center mt-1\"><a href=\"mailto:mail@example.com\">contact@vvc-transport-logistics.com <\/a><\/p>\n<\/div>\n\n\n\n<div class=\"wp-block-column is-vertically-aligned-top is-layout-flow wp-block-column-is-layout-flow\">\n<figure class=\"wp-block-image aligncenter size-full is-resized mb-0 is-style-default\"><img decoding=\"async\" src=\"https:\/\/vvc-transport-logistics.com\/wp-content\/themes\/exs-logistics\/assets\/img\/call.png\" alt=\"\" class=\"wp-image-349\" style=\"object-fit:cover;width:70px;height:70px\"\/><\/figure>\n\n\n\n<h5 class=\"wp-block-heading has-text-align-center mb-0 mt-1\">Contact Whatsapp<\/h5>\n\n\n\n<p class=\"has-text-align-center mt-1 mb-0\">(+33) 0626848493<br><\/p>\n<\/div>\n\n\n\n<div class=\"wp-block-column is-vertically-aligned-top is-layout-flow wp-block-column-is-layout-flow\">\n<figure class=\"wp-block-image aligncenter size-full\"><img loading=\"lazy\" decoding=\"async\" width=\"46\" height=\"66\" src=\"https:\/\/vvc-transport-logistics.com\/wp-content\/uploads\/2026\/01\/image-19.png\" alt=\"\" class=\"wp-image-446\"\/><\/figure>\n\n\n\n<h5 class=\"wp-block-heading has-text-align-center mb-0 mt-1\"><strong>A<\/strong>dresse<\/h5>\n\n\n\n<p class=\"has-text-align-center mt-1 mb-0\">9 Rue de Cond\u00e9, Bureau 3, 33000 Bordeaux<\/p>\n<\/div>\n\n\n\n<div class=\"wp-block-column is-layout-flow wp-block-column-is-layout-flow\">\n<figure class=\"wp-block-image aligncenter size-full\"><img loading=\"lazy\" decoding=\"async\" width=\"54\" height=\"64\" src=\"https:\/\/vvc-transport-logistics.com\/wp-content\/uploads\/2026\/01\/image-24.png\" alt=\"\" class=\"wp-image-458\"\/><\/figure>\n\n\n\n<h5 class=\"wp-block-heading has-text-align-center mb-0 mt-1\"><strong>Horaire<\/strong><\/h5>\n\n\n\n<p class=\"has-text-align-center mt-1 mb-0\">6:00AM &#8211; 9:00PM<br><\/p>\n<\/div>\n<\/div>\n\n\n\n<div style=\"height:100px\" aria-hidden=\"true\" class=\"wp-block-spacer\"><\/div>\n\n\n\n<div class=\"wp-block-columns are-vertically-aligned-center has-light-background-color has-background is-layout-flex wp-container-core-columns-is-layout-9d6595d7 wp-block-columns-is-layout-flex\">\n<div class=\"wp-block-column is-vertically-aligned-center is-layout-flow wp-block-column-is-layout-flow\">\n<div class=\"wp-block-group is-nowrap is-layout-flex wp-container-core-group-is-layout-ad2f72ca wp-block-group-is-layout-flex\">\n<figure class=\"wp-block-image size-full\"><img loading=\"lazy\" decoding=\"async\" width=\"1024\" height=\"1024\" src=\"https:\/\/vvc-transport-logistics.com\/wp-content\/uploads\/2026\/01\/logo-4c2bd8d4-8fc2-4bbc-a14f-da80bf644aa1-Photoroom-15122025-compte-PRO-payant-1.jpg\" alt=\"\" class=\"wp-image-465\" srcset=\"https:\/\/vvc-transport-logistics.com\/wp-content\/uploads\/2026\/01\/logo-4c2bd8d4-8fc2-4bbc-a14f-da80bf644aa1-Photoroom-15122025-compte-PRO-payant-1.jpg 1024w, https:\/\/vvc-transport-logistics.com\/wp-content\/uploads\/2026\/01\/logo-4c2bd8d4-8fc2-4bbc-a14f-da80bf644aa1-Photoroom-15122025-compte-PRO-payant-1-300x300.jpg 300w, https:\/\/vvc-transport-logistics.com\/wp-content\/uploads\/2026\/01\/logo-4c2bd8d4-8fc2-4bbc-a14f-da80bf644aa1-Photoroom-15122025-compte-PRO-payant-1-100x100.jpg 100w, https:\/\/vvc-transport-logistics.com\/wp-content\/uploads\/2026\/01\/logo-4c2bd8d4-8fc2-4bbc-a14f-da80bf644aa1-Photoroom-15122025-compte-PRO-payant-1-600x600.jpg 600w, https:\/\/vvc-transport-logistics.com\/wp-content\/uploads\/2026\/01\/logo-4c2bd8d4-8fc2-4bbc-a14f-da80bf644aa1-Photoroom-15122025-compte-PRO-payant-1-150x150.jpg 150w, https:\/\/vvc-transport-logistics.com\/wp-content\/uploads\/2026\/01\/logo-4c2bd8d4-8fc2-4bbc-a14f-da80bf644aa1-Photoroom-15122025-compte-PRO-payant-1-768x768.jpg 768w, https:\/\/vvc-transport-logistics.com\/wp-content\/uploads\/2026\/01\/logo-4c2bd8d4-8fc2-4bbc-a14f-da80bf644aa1-Photoroom-15122025-compte-PRO-payant-1-855x855.jpg 855w, https:\/\/vvc-transport-logistics.com\/wp-content\/uploads\/2026\/01\/logo-4c2bd8d4-8fc2-4bbc-a14f-da80bf644aa1-Photoroom-15122025-compte-PRO-payant-1-800x800.jpg 800w\" sizes=\"auto, (max-width: 1024px) 100vw, 1024px\" \/><\/figure>\n\n\n\n<p><\/p>\n<\/div>\n<\/div>\n\n\n\n<div class=\"wp-block-column is-vertically-aligned-center is-layout-flow wp-block-column-is-layout-flow\">\n<h4 class=\"wp-block-heading is-style-default\">Formulaire<\/h4>\n\n\n\n\n<div class=\"wpcf7 no-js\" id=\"wpcf7-f164-o1\" lang=\"en-US\" dir=\"ltr\" data-wpcf7-id=\"164\">\n<div class=\"screen-reader-response\"><p role=\"status\" aria-live=\"polite\" aria-atomic=\"true\"><\/p> <ul><\/ul><\/div>\n<form action=\"\/index.php\/wp-json\/wp\/v2\/pages\/14#wpcf7-f164-o1\" method=\"post\" class=\"wpcf7-form init\" aria-label=\"Contact form\" novalidate=\"novalidate\" data-status=\"init\">\n<fieldset class=\"hidden-fields-container\"><input type=\"hidden\" name=\"_wpcf7\" value=\"164\" \/><input type=\"hidden\" name=\"_wpcf7_version\" value=\"6.1.5\" \/><input type=\"hidden\" name=\"_wpcf7_locale\" value=\"en_US\" \/><input type=\"hidden\" name=\"_wpcf7_unit_tag\" value=\"wpcf7-f164-o1\" \/><input type=\"hidden\" name=\"_wpcf7_container_post\" value=\"0\" \/><input type=\"hidden\" name=\"_wpcf7_posted_data_hash\" value=\"\" \/>\n<\/fieldset>\n<p><label> Nom et pr\u00e9nom *<br \/>\n<span class=\"wpcf7-form-control-wrap\" data-name=\"nom-prenom\"><input size=\"40\" maxlength=\"400\" class=\"wpcf7-form-control wpcf7-text wpcf7-validates-as-required\" autocomplete=\"name\" aria-required=\"true\" aria-invalid=\"false\" placeholder=\"Votre nom et pr\u00e9nom\" value=\"\" type=\"text\" name=\"nom-prenom\" \/><\/span><br \/>\n<\/label>\n<\/p>\n<p><label> Adresse e-mail *<br \/>\n<span class=\"wpcf7-form-control-wrap\" data-name=\"email\"><input size=\"40\" maxlength=\"400\" class=\"wpcf7-form-control wpcf7-email wpcf7-validates-as-required wpcf7-text wpcf7-validates-as-email\" autocomplete=\"email\" aria-required=\"true\" aria-invalid=\"false\" placeholder=\"exemple@email.com\" value=\"\" type=\"email\" name=\"email\" \/><\/span><br \/>\n<\/label>\n<\/p>\n<p><label> Num\u00e9ro de t\u00e9l\u00e9phone<br \/>\n<span class=\"wpcf7-form-control-wrap\" data-name=\"telephone\"><input size=\"40\" maxlength=\"400\" class=\"wpcf7-form-control wpcf7-tel wpcf7-text wpcf7-validates-as-tel\" autocomplete=\"tel\" aria-invalid=\"false\" placeholder=\"Ex : 06 12 34 56 78\" value=\"\" type=\"tel\" name=\"telephone\" \/><\/span><br \/>\n<\/label>\n<\/p>\n<p><label> Sujet *<br \/>\n<span class=\"wpcf7-form-control-wrap\" data-name=\"sujet\"><input size=\"40\" maxlength=\"400\" class=\"wpcf7-form-control wpcf7-text wpcf7-validates-as-required\" aria-required=\"true\" aria-invalid=\"false\" placeholder=\"Objet de votre demande\" value=\"\" type=\"text\" name=\"sujet\" \/><\/span><br \/>\n<\/label>\n<\/p>\n<p><label> Message *<br \/>\n<span class=\"wpcf7-form-control-wrap\" data-name=\"message\"><textarea cols=\"40\" rows=\"10\" maxlength=\"2000\" class=\"wpcf7-form-control wpcf7-textarea wpcf7-validates-as-required\" aria-required=\"true\" aria-invalid=\"false\" placeholder=\"D\u00e9crivez votre demande ici...\" name=\"message\"><\/textarea><\/span><br \/>\n<\/label>\n<\/p>\n<p><span class=\"wpcf7-form-control-wrap\" data-name=\"rgpd-consent\"><span class=\"wpcf7-form-control wpcf7-acceptance\"><span class=\"wpcf7-list-item\"><label><input type=\"checkbox\" name=\"rgpd-consent\" value=\"1\" aria-invalid=\"false\" \/><span class=\"wpcf7-list-item-label\">J\u2019accepte que mes donn\u00e9es soient utilis\u00e9es conform\u00e9ment \u00e0 la \n<a href=\"https:\/\/vvc-transport-logistics.com\/index.php\/sample-page\/\" target=\"_blank\" rel=\"noopener noreferrer\">\npolitique de confidentialit\u00e9\n<\/a>.<\/span><\/label><\/span><\/span><\/span>\n<\/p>\n<p><input class=\"wpcf7-form-control wpcf7-submit has-spinner\" type=\"submit\" value=\"Envoyer\" \/>\n<\/p><div class=\"wpcf7-response-output\" aria-hidden=\"true\"><\/div>\n<\/form>\n<\/div>\n\n<\/div>\n<\/div>\n\n\n\n<div style=\"height:22px\" aria-hidden=\"true\" class=\"wp-block-spacer\"><\/div>\n\n\n\n<p><sup><sub>Source : Photoroom PRO<\/sub><\/sup><\/p>\n\n\n\n<p><\/p>\n","protected":false},"excerpt":{"rendered":"<p>Obtenez votre devis gratuit en quelques clics : par e-mail, WhatsApp ou via notre formulaire. VVC Transport logistics Mooving goods,<span class=\"more-dots\">&#8230;<\/span><\/p>\n","protected":false},"author":1,"featured_media":0,"parent":0,"menu_order":0,"comment_status":"closed","ping_status":"closed","template":"","meta":{"footnotes":""},"class_list":["post-14","page","type-page","status-publish","hentry","no-post-thumbnail"],"yoast_head":"<!-- This site is optimized with the Yoast SEO plugin v27.5 - https:\/\/yoast.com\/product\/yoast-seo-wordpress\/ -->\n<title>Contact - vvc-transport-logistics<\/title>\n<meta name=\"robots\" content=\"index, follow, max-snippet:-1, max-image-preview:large, max-video-preview:-1\" \/>\n<link rel=\"canonical\" href=\"https:\/\/vvc-transport-logistics.com\/index.php\/contact\/\" \/>\n<meta property=\"og:locale\" content=\"fr_FR\" \/>\n<meta property=\"og:type\" content=\"article\" \/>\n<meta property=\"og:title\" content=\"Contact - vvc-transport-logistics\" \/>\n<meta property=\"og:description\" content=\"Obtenez votre devis gratuit en quelques clics : par e-mail, WhatsApp ou via notre formulaire. VVC Transport logistics Mooving goods,...\" \/>\n<meta property=\"og:url\" content=\"https:\/\/vvc-transport-logistics.com\/index.php\/contact\/\" \/>\n<meta property=\"og:site_name\" content=\"vvc-transport-logistics\" \/>\n<meta property=\"article:modified_time\" content=\"2026-03-13T22:05:35+00:00\" \/>\n<meta property=\"og:image\" content=\"https:\/\/vvc-transport-logistics.com\/wp-content\/uploads\/2026\/01\/image-6.png\" \/>\n\t<meta property=\"og:image:width\" content=\"80\" \/>\n\t<meta property=\"og:image:height\" content=\"92\" \/>\n\t<meta property=\"og:image:type\" content=\"image\/png\" \/>\n<meta name=\"twitter:card\" content=\"summary_large_image\" \/>\n<meta name=\"twitter:label1\" content=\"Dur\u00e9e de lecture estim\u00e9e\" \/>\n\t<meta name=\"twitter:data1\" content=\"2 minutes\" \/>\n<script type=\"application\/ld+json\" class=\"yoast-schema-graph\">{\"@context\":\"https:\\\/\\\/schema.org\",\"@graph\":[{\"@type\":\"WebPage\",\"@id\":\"https:\\\/\\\/vvc-transport-logistics.com\\\/index.php\\\/contact\\\/\",\"url\":\"https:\\\/\\\/vvc-transport-logistics.com\\\/index.php\\\/contact\\\/\",\"name\":\"Contact - vvc-transport-logistics\",\"isPartOf\":{\"@id\":\"https:\\\/\\\/vvc-transport-logistics.com\\\/#website\"},\"primaryImageOfPage\":{\"@id\":\"https:\\\/\\\/vvc-transport-logistics.com\\\/index.php\\\/contact\\\/#primaryimage\"},\"image\":{\"@id\":\"https:\\\/\\\/vvc-transport-logistics.com\\\/index.php\\\/contact\\\/#primaryimage\"},\"thumbnailUrl\":\"https:\\\/\\\/vvc-transport-logistics.com\\\/wp-content\\\/themes\\\/exs-logistics\\\/assets\\\/img\\\/mail.png\",\"datePublished\":\"2025-11-19T09:24:55+00:00\",\"dateModified\":\"2026-03-13T22:05:35+00:00\",\"breadcrumb\":{\"@id\":\"https:\\\/\\\/vvc-transport-logistics.com\\\/index.php\\\/contact\\\/#breadcrumb\"},\"inLanguage\":\"fr-FR\",\"potentialAction\":[{\"@type\":\"ReadAction\",\"target\":[\"https:\\\/\\\/vvc-transport-logistics.com\\\/index.php\\\/contact\\\/\"]}]},{\"@type\":\"ImageObject\",\"inLanguage\":\"fr-FR\",\"@id\":\"https:\\\/\\\/vvc-transport-logistics.com\\\/index.php\\\/contact\\\/#primaryimage\",\"url\":\"https:\\\/\\\/vvc-transport-logistics.com\\\/wp-content\\\/uploads\\\/2026\\\/01\\\/image-6.png\",\"contentUrl\":\"https:\\\/\\\/vvc-transport-logistics.com\\\/wp-content\\\/uploads\\\/2026\\\/01\\\/image-6.png\",\"width\":80,\"height\":92},{\"@type\":\"BreadcrumbList\",\"@id\":\"https:\\\/\\\/vvc-transport-logistics.com\\\/index.php\\\/contact\\\/#breadcrumb\",\"itemListElement\":[{\"@type\":\"ListItem\",\"position\":1,\"name\":\"Home\",\"item\":\"https:\\\/\\\/vvc-transport-logistics.com\\\/\"},{\"@type\":\"ListItem\",\"position\":2,\"name\":\"Contact\"}]},{\"@type\":\"WebSite\",\"@id\":\"https:\\\/\\\/vvc-transport-logistics.com\\\/#website\",\"url\":\"https:\\\/\\\/vvc-transport-logistics.com\\\/\",\"name\":\"vvc-transport-logistics\",\"description\":\"\",\"publisher\":{\"@id\":\"https:\\\/\\\/vvc-transport-logistics.com\\\/#\\\/schema\\\/person\\\/365529bfec32d7c586a428eb72ec45b8\"},\"potentialAction\":[{\"@type\":\"SearchAction\",\"target\":{\"@type\":\"EntryPoint\",\"urlTemplate\":\"https:\\\/\\\/vvc-transport-logistics.com\\\/?s={search_term_string}\"},\"query-input\":{\"@type\":\"PropertyValueSpecification\",\"valueRequired\":true,\"valueName\":\"search_term_string\"}}],\"inLanguage\":\"fr-FR\"},{\"@type\":[\"Person\",\"Organization\"],\"@id\":\"https:\\\/\\\/vvc-transport-logistics.com\\\/#\\\/schema\\\/person\\\/365529bfec32d7c586a428eb72ec45b8\",\"name\":\"admin5331\",\"image\":{\"@type\":\"ImageObject\",\"inLanguage\":\"fr-FR\",\"@id\":\"https:\\\/\\\/vvc-transport-logistics.com\\\/wp-content\\\/uploads\\\/2026\\\/01\\\/cropped-logo-4c2bd8d4-8fc2-4bbc-a14f-da80bf644aa1-Photoroom-15122025-compte-PRO-payant-1-1-1.png\",\"url\":\"https:\\\/\\\/vvc-transport-logistics.com\\\/wp-content\\\/uploads\\\/2026\\\/01\\\/cropped-logo-4c2bd8d4-8fc2-4bbc-a14f-da80bf644aa1-Photoroom-15122025-compte-PRO-payant-1-1-1.png\",\"contentUrl\":\"https:\\\/\\\/vvc-transport-logistics.com\\\/wp-content\\\/uploads\\\/2026\\\/01\\\/cropped-logo-4c2bd8d4-8fc2-4bbc-a14f-da80bf644aa1-Photoroom-15122025-compte-PRO-payant-1-1-1.png\",\"width\":1024,\"height\":410,\"caption\":\"admin5331\"},\"logo\":{\"@id\":\"https:\\\/\\\/vvc-transport-logistics.com\\\/wp-content\\\/uploads\\\/2026\\\/01\\\/cropped-logo-4c2bd8d4-8fc2-4bbc-a14f-da80bf644aa1-Photoroom-15122025-compte-PRO-payant-1-1-1.png\"},\"sameAs\":[\"http:\\\/\\\/vvc-transport-logistics.com\"]}]}<\/script>\n<!-- \/ Yoast SEO plugin. -->","yoast_head_json":{"title":"Contact - vvc-transport-logistics","robots":{"index":"index","follow":"follow","max-snippet":"max-snippet:-1","max-image-preview":"max-image-preview:large","max-video-preview":"max-video-preview:-1"},"canonical":"https:\/\/vvc-transport-logistics.com\/index.php\/contact\/","og_locale":"fr_FR","og_type":"article","og_title":"Contact - vvc-transport-logistics","og_description":"Obtenez votre devis gratuit en quelques clics : par e-mail, WhatsApp ou via notre formulaire. VVC Transport logistics Mooving goods,...","og_url":"https:\/\/vvc-transport-logistics.com\/index.php\/contact\/","og_site_name":"vvc-transport-logistics","article_modified_time":"2026-03-13T22:05:35+00:00","og_image":[{"width":80,"height":92,"url":"https:\/\/vvc-transport-logistics.com\/wp-content\/uploads\/2026\/01\/image-6.png","type":"image\/png"}],"twitter_card":"summary_large_image","twitter_misc":{"Dur\u00e9e de lecture estim\u00e9e":"2 minutes"},"schema":{"@context":"https:\/\/schema.org","@graph":[{"@type":"WebPage","@id":"https:\/\/vvc-transport-logistics.com\/index.php\/contact\/","url":"https:\/\/vvc-transport-logistics.com\/index.php\/contact\/","name":"Contact - vvc-transport-logistics","isPartOf":{"@id":"https:\/\/vvc-transport-logistics.com\/#website"},"primaryImageOfPage":{"@id":"https:\/\/vvc-transport-logistics.com\/index.php\/contact\/#primaryimage"},"image":{"@id":"https:\/\/vvc-transport-logistics.com\/index.php\/contact\/#primaryimage"},"thumbnailUrl":"https:\/\/vvc-transport-logistics.com\/wp-content\/themes\/exs-logistics\/assets\/img\/mail.png","datePublished":"2025-11-19T09:24:55+00:00","dateModified":"2026-03-13T22:05:35+00:00","breadcrumb":{"@id":"https:\/\/vvc-transport-logistics.com\/index.php\/contact\/#breadcrumb"},"inLanguage":"fr-FR","potentialAction":[{"@type":"ReadAction","target":["https:\/\/vvc-transport-logistics.com\/index.php\/contact\/"]}]},{"@type":"ImageObject","inLanguage":"fr-FR","@id":"https:\/\/vvc-transport-logistics.com\/index.php\/contact\/#primaryimage","url":"https:\/\/vvc-transport-logistics.com\/wp-content\/uploads\/2026\/01\/image-6.png","contentUrl":"https:\/\/vvc-transport-logistics.com\/wp-content\/uploads\/2026\/01\/image-6.png","width":80,"height":92},{"@type":"BreadcrumbList","@id":"https:\/\/vvc-transport-logistics.com\/index.php\/contact\/#breadcrumb","itemListElement":[{"@type":"ListItem","position":1,"name":"Home","item":"https:\/\/vvc-transport-logistics.com\/"},{"@type":"ListItem","position":2,"name":"Contact"}]},{"@type":"WebSite","@id":"https:\/\/vvc-transport-logistics.com\/#website","url":"https:\/\/vvc-transport-logistics.com\/","name":"vvc-transport-logistics","description":"","publisher":{"@id":"https:\/\/vvc-transport-logistics.com\/#\/schema\/person\/365529bfec32d7c586a428eb72ec45b8"},"potentialAction":[{"@type":"SearchAction","target":{"@type":"EntryPoint","urlTemplate":"https:\/\/vvc-transport-logistics.com\/?s={search_term_string}"},"query-input":{"@type":"PropertyValueSpecification","valueRequired":true,"valueName":"search_term_string"}}],"inLanguage":"fr-FR"},{"@type":["Person","Organization"],"@id":"https:\/\/vvc-transport-logistics.com\/#\/schema\/person\/365529bfec32d7c586a428eb72ec45b8","name":"admin5331","image":{"@type":"ImageObject","inLanguage":"fr-FR","@id":"https:\/\/vvc-transport-logistics.com\/wp-content\/uploads\/2026\/01\/cropped-logo-4c2bd8d4-8fc2-4bbc-a14f-da80bf644aa1-Photoroom-15122025-compte-PRO-payant-1-1-1.png","url":"https:\/\/vvc-transport-logistics.com\/wp-content\/uploads\/2026\/01\/cropped-logo-4c2bd8d4-8fc2-4bbc-a14f-da80bf644aa1-Photoroom-15122025-compte-PRO-payant-1-1-1.png","contentUrl":"https:\/\/vvc-transport-logistics.com\/wp-content\/uploads\/2026\/01\/cropped-logo-4c2bd8d4-8fc2-4bbc-a14f-da80bf644aa1-Photoroom-15122025-compte-PRO-payant-1-1-1.png","width":1024,"height":410,"caption":"admin5331"},"logo":{"@id":"https:\/\/vvc-transport-logistics.com\/wp-content\/uploads\/2026\/01\/cropped-logo-4c2bd8d4-8fc2-4bbc-a14f-da80bf644aa1-Photoroom-15122025-compte-PRO-payant-1-1-1.png"},"sameAs":["http:\/\/vvc-transport-logistics.com"]}]}},"jetpack_sharing_enabled":true,"_links":{"self":[{"href":"https:\/\/vvc-transport-logistics.com\/index.php\/wp-json\/wp\/v2\/pages\/14","targetHints":{"allow":["GET"]}}],"collection":[{"href":"https:\/\/vvc-transport-logistics.com\/index.php\/wp-json\/wp\/v2\/pages"}],"about":[{"href":"https:\/\/vvc-transport-logistics.com\/index.php\/wp-json\/wp\/v2\/types\/page"}],"author":[{"embeddable":true,"href":"https:\/\/vvc-transport-logistics.com\/index.php\/wp-json\/wp\/v2\/users\/1"}],"replies":[{"embeddable":true,"href":"https:\/\/vvc-transport-logistics.com\/index.php\/wp-json\/wp\/v2\/comments?post=14"}],"version-history":[{"count":0,"href":"https:\/\/vvc-transport-logistics.com\/index.php\/wp-json\/wp\/v2\/pages\/14\/revisions"}],"wp:attachment":[{"href":"https:\/\/vvc-transport-logistics.com\/index.php\/wp-json\/wp\/v2\/media?parent=14"}],"curies":[{"name":"wp","href":"https:\/\/api.w.org\/{rel}","templated":true}]}}