{"id":2,"date":"2025-11-04T19:33:37","date_gmt":"2025-11-04T19:33:37","guid":{"rendered":"http:\/\/vvc-transport-logistics.com\/?page_id=2"},"modified":"2026-02-11T20:17:53","modified_gmt":"2026-02-11T20:17:53","slug":"sample-page","status":"publish","type":"page","link":"https:\/\/vvc-transport-logistics.com\/index.php\/sample-page\/","title":{"rendered":"Politique de confidentialit\u00e9 &#8211; RGPD"},"content":{"rendered":"\n<blockquote class=\"wp-block-quote is-style-default has-dark-muted-color has-background-background-color has-text-color has-background has-link-color wp-elements-8e76dd3faf09c80e68879381cbd109f6 is-layout-flow wp-block-quote-is-layout-flow\">\n<p><strong>Derni\u00e8re mise \u00e0 jour : 11 f\u00e9vrier 2026<\/strong><\/p>\n\n\n\n<p class=\"has-small-font-size\">Cette politique de confidentialit\u00e9 s\u2019applique aux citoyens et aux r\u00e9sidents permanents de l\u2019Espace \u00c9conomique Europ\u00e9en (EEE) et de la Suisse.<br>Elle explique quelles donn\u00e9es personnelles nous collectons, comment nous les utilisons, vos droits concernant ces donn\u00e9es et la mani\u00e8re dont vous pouvez nous contacter pour toute question ou demande relative \u00e0 votre vie priv\u00e9e.<\/p>\n\n\n\n<p class=\"has-small-font-size\">En utilisant notre site web <a href=\"https:\/\/vvc-transport-logistics.com\">https:\/\/vvc-transport-logistics.com<\/a>, vous acceptez les pratiques d\u00e9crites dans cette politique. Le pr\u00e9sent site est exploit\u00e9 par :<\/p>\n\n\n\n<p class=\"has-small-font-size\"><strong><strong>1. Responsable du traitement<\/strong><\/strong><br><strong>Nom et pr\u00e9nom :<\/strong> <em>BRACHO Mariangel <\/em><br><strong>Nom commercial :<\/strong> VVC Transport Logistics<br><strong>Statut :<\/strong> Entrepreneur individuel (EI) \u2013 Auto-entrepreneur<br><strong>Activit\u00e9 :<\/strong> Livraison l\u00e9g\u00e8re de marchandises<br><strong>Code APE :<\/strong> 49.41B<br><strong>Adresse de domiciliation :<\/strong><br>9 Rue de Cond\u00e9, Bureau 3<br>33000 Bordeaux \u2013 France<\/p>\n\n\n\n<p class=\"has-small-font-size\"><strong>Email de contact :<\/strong> contact@vvc-transport-logistics.com<\/p>\n\n\n\n<hr class=\"wp-block-separator has-alpha-channel-opacity\"\/>\n\n\n\n<p class=\"has-small-font-size\"><strong>2. Donn\u00e9es personnelles collect\u00e9es<\/strong><\/p>\n\n\n\n<p class=\"has-small-font-size\">Dans le cadre de l\u2019utilisation du site, les donn\u00e9es suivantes peuvent \u00eatre collect\u00e9es via le <strong>formulaire de contact<\/strong> :<\/p>\n\n\n\n<ul class=\"wp-block-list\">\n<li class=\"has-small-font-size\">Nom et pr\u00e9nom<\/li>\n\n\n\n<li class=\"has-small-font-size\">Adresse e-mail<\/li>\n\n\n\n<li class=\"has-small-font-size\">Num\u00e9ro de t\u00e9l\u00e9phone (si renseign\u00e9)<\/li>\n\n\n\n<li class=\"has-small-font-size\">Sujet<\/li>\n\n\n\n<li class=\"has-small-font-size\">Message libre<\/li>\n<\/ul>\n\n\n\n<p class=\"has-small-font-size\">Aucune donn\u00e9e sensible n\u2019est collect\u00e9e.<\/p>\n\n\n\n<hr class=\"wp-block-separator has-alpha-channel-opacity\"\/>\n\n\n\n<p class=\"has-small-font-size\"><strong>3. Finalit\u00e9s du traitement<\/strong><\/p>\n\n\n\n<p class=\"has-small-font-size\">Les donn\u00e9es personnelles collect\u00e9es sont utilis\u00e9es uniquement pour :<\/p>\n\n\n\n<ul class=\"wp-block-list\">\n<li class=\"has-small-font-size\">R\u00e9pondre aux demandes envoy\u00e9es via le formulaire de contact<\/li>\n\n\n\n<li class=\"has-small-font-size\">\u00c9changer dans le cadre d\u2019une relation professionnelle<\/li>\n\n\n\n<li class=\"has-small-font-size\">\u00c9tablir des devis ou fournir des informations sur les services propos\u00e9s<\/li>\n<\/ul>\n\n\n\n<p class=\"has-small-font-size\">Les donn\u00e9es ne sont <strong>jamais utilis\u00e9es \u00e0 des fins commerciales non sollicit\u00e9es<\/strong>.<\/p>\n\n\n\n<hr class=\"wp-block-separator has-alpha-channel-opacity\"\/>\n\n\n\n<p class=\"has-small-font-size\"><strong>4. Base l\u00e9gale du traitement<\/strong><\/p>\n\n\n\n<p class=\"has-small-font-size\">Le traitement des donn\u00e9es repose sur :<\/p>\n\n\n\n<ul class=\"wp-block-list\">\n<li class=\"has-small-font-size\"><strong>Le consentement de l\u2019utilisateur<\/strong>, donn\u00e9 lors de l\u2019envoi du formulaire de contact<\/li>\n\n\n\n<li class=\"has-small-font-size\"><strong>L\u2019int\u00e9r\u00eat l\u00e9gitime<\/strong> du responsable du traitement pour r\u00e9pondre aux demandes professionnelles<\/li>\n<\/ul>\n\n\n\n<hr class=\"wp-block-separator has-alpha-channel-opacity\"\/>\n\n\n\n<p class=\"has-small-font-size\"><strong>5. Dur\u00e9e de conservation des donn\u00e9es<\/strong><\/p>\n\n\n\n<p class=\"has-small-font-size\">Les donn\u00e9es sont conserv\u00e9es :<\/p>\n\n\n\n<ul class=\"wp-block-list\">\n<li class=\"has-small-font-size\">Pendant une dur\u00e9e maximale de <strong>3 ans<\/strong> \u00e0 compter du dernier contact<\/li>\n\n\n\n<li class=\"has-small-font-size\">Ou supprim\u00e9es plus t\u00f4t sur demande de la personne concern\u00e9e<\/li>\n<\/ul>\n\n\n\n<hr class=\"wp-block-separator has-alpha-channel-opacity\"\/>\n\n\n\n<p class=\"has-small-font-size\"><strong>6. Destinataires des donn\u00e9es<\/strong><\/p>\n\n\n\n<p class=\"has-small-font-size\">Les donn\u00e9es collect\u00e9es sont destin\u00e9es <strong>exclusivement \u00e0 VVC Transport Logistics<\/strong>.<br>Elles ne sont <strong>ni vendues, ni c\u00e9d\u00e9es, ni transmises \u00e0 des tiers<\/strong>, sauf obligation l\u00e9gale.<\/p>\n\n\n\n<hr class=\"wp-block-separator has-alpha-channel-opacity\"\/>\n\n\n\n<p class=\"has-small-font-size\"><strong>7. H\u00e9bergement des donn\u00e9es<\/strong><\/p>\n\n\n\n<p class=\"has-small-font-size\">Le site est h\u00e9berg\u00e9 par :<\/p>\n\n\n\n<p class=\"has-small-font-size\"><strong>OVH<\/strong><br>2 rue Kellermann \u2013 59100 Roubaix \u2013 France<\/p>\n\n\n\n<p class=\"has-small-font-size\">Les donn\u00e9es sont h\u00e9berg\u00e9es au sein de l\u2019Union europ\u00e9enne.<\/p>\n\n\n\n<hr class=\"wp-block-separator has-alpha-channel-opacity\"\/>\n\n\n\n<p class=\"has-small-font-size\"><strong>8. S\u00e9curit\u00e9 des donn\u00e9es<\/strong><\/p>\n\n\n\n<p class=\"has-small-font-size\">Le responsable du traitement met en \u0153uvre des mesures techniques et organisationnelles appropri\u00e9es afin de garantir la s\u00e9curit\u00e9 et la confidentialit\u00e9 des donn\u00e9es personnelles et d\u2019emp\u00eacher leur perte, alt\u00e9ration ou acc\u00e8s non autoris\u00e9.<\/p>\n\n\n\n<hr class=\"wp-block-separator has-alpha-channel-opacity\"\/>\n\n\n\n<p class=\"has-small-font-size\"><strong>9. Droits des utilisateurs<\/strong><\/p>\n\n\n\n<p class=\"has-small-font-size\">Conform\u00e9ment au R\u00e8glement G\u00e9n\u00e9ral sur la Protection des Donn\u00e9es (RGPD), vous disposez des droits suivants :<\/p>\n\n\n\n<ul class=\"wp-block-list\">\n<li class=\"has-small-font-size\">Droit d\u2019acc\u00e8s<\/li>\n\n\n\n<li class=\"has-small-font-size\">Droit de rectification<\/li>\n\n\n\n<li class=\"has-small-font-size\">Droit \u00e0 l\u2019effacement<\/li>\n\n\n\n<li class=\"has-small-font-size\">Droit \u00e0 la limitation du traitement<\/li>\n\n\n\n<li class=\"has-small-font-size\">Droit d\u2019opposition<\/li>\n\n\n\n<li class=\"has-small-font-size\">Droit \u00e0 la portabilit\u00e9 des donn\u00e9es<\/li>\n<\/ul>\n\n\n\n<p class=\"has-small-font-size\">Pour exercer ces droits, vous pouvez contacter :<br>contact@vvc-transport-logistics.com<\/p>\n\n\n\n<p class=\"has-small-font-size\">Une r\u00e9ponse vous sera apport\u00e9e dans un d\u00e9lai maximal de <strong>30 jours<\/strong>.<\/p>\n\n\n\n<hr class=\"wp-block-separator has-alpha-channel-opacity\"\/>\n\n\n\n<p class=\"has-small-font-size\"><strong>10. R\u00e9clamation aupr\u00e8s de la CNIL<\/strong><\/p>\n\n\n\n<p class=\"has-small-font-size\">Si vous estimez, apr\u00e8s nous avoir contact\u00e9s, que vos droits ne sont pas respect\u00e9s, vous pouvez adresser une r\u00e9clamation \u00e0 la <strong>CNIL<\/strong> :<br>www.cnil.fr<\/p>\n\n\n\n<hr class=\"wp-block-separator has-alpha-channel-opacity\"\/>\n\n\n\n<p class=\"has-small-font-size\"><strong>11. Cookies<\/strong><\/p>\n\n\n\n<p class=\"has-small-font-size\">Ce site n\u2019utilise <strong>pas de cookies de suivi publicitaire<\/strong>.<br>Des cookies techniques strictement n\u00e9cessaires au fonctionnement du site peuvent \u00eatre utilis\u00e9s.<\/p>\n\n\n\n<hr class=\"wp-block-separator has-alpha-channel-opacity\"\/>\n\n\n\n<p><\/p>\n<\/blockquote>\n\n\n\n<p><\/p>\n","protected":false},"excerpt":{"rendered":"","protected":false},"author":1,"featured_media":0,"parent":0,"menu_order":0,"comment_status":"closed","ping_status":"closed","template":"","meta":{"footnotes":""},"class_list":["post-2","page","type-page","status-publish","hentry","no-post-thumbnail"],"yoast_head":"<!-- This site is optimized with the Yoast SEO plugin v27.5 - https:\/\/yoast.com\/product\/yoast-seo-wordpress\/ -->\n<title>Politique de confidentialit\u00e9 - RGPD - vvc-transport-logistics<\/title>\n<meta name=\"robots\" content=\"index, follow, max-snippet:-1, max-image-preview:large, max-video-preview:-1\" \/>\n<link rel=\"canonical\" href=\"https:\/\/vvc-transport-logistics.com\/index.php\/sample-page\/\" \/>\n<meta property=\"og:locale\" content=\"fr_FR\" \/>\n<meta property=\"og:type\" content=\"article\" \/>\n<meta property=\"og:title\" content=\"Politique de confidentialit\u00e9 - RGPD - vvc-transport-logistics\" \/>\n<meta property=\"og:url\" content=\"https:\/\/vvc-transport-logistics.com\/index.php\/sample-page\/\" \/>\n<meta property=\"og:site_name\" content=\"vvc-transport-logistics\" \/>\n<meta property=\"article:modified_time\" content=\"2026-02-11T20:17:53+00:00\" \/>\n<meta name=\"twitter:card\" content=\"summary_large_image\" \/>\n<script type=\"application\/ld+json\" class=\"yoast-schema-graph\">{\"@context\":\"https:\\\/\\\/schema.org\",\"@graph\":[{\"@type\":\"WebPage\",\"@id\":\"https:\\\/\\\/vvc-transport-logistics.com\\\/index.php\\\/sample-page\\\/\",\"url\":\"https:\\\/\\\/vvc-transport-logistics.com\\\/index.php\\\/sample-page\\\/\",\"name\":\"Politique de confidentialit\u00e9 - RGPD - vvc-transport-logistics\",\"isPartOf\":{\"@id\":\"https:\\\/\\\/vvc-transport-logistics.com\\\/#website\"},\"datePublished\":\"2025-11-04T19:33:37+00:00\",\"dateModified\":\"2026-02-11T20:17:53+00:00\",\"breadcrumb\":{\"@id\":\"https:\\\/\\\/vvc-transport-logistics.com\\\/index.php\\\/sample-page\\\/#breadcrumb\"},\"inLanguage\":\"fr-FR\",\"potentialAction\":[{\"@type\":\"ReadAction\",\"target\":[\"https:\\\/\\\/vvc-transport-logistics.com\\\/index.php\\\/sample-page\\\/\"]}]},{\"@type\":\"BreadcrumbList\",\"@id\":\"https:\\\/\\\/vvc-transport-logistics.com\\\/index.php\\\/sample-page\\\/#breadcrumb\",\"itemListElement\":[{\"@type\":\"ListItem\",\"position\":1,\"name\":\"Home\",\"item\":\"https:\\\/\\\/vvc-transport-logistics.com\\\/\"},{\"@type\":\"ListItem\",\"position\":2,\"name\":\"Politique de confidentialit\u00e9 &#8211; RGPD\"}]},{\"@type\":\"WebSite\",\"@id\":\"https:\\\/\\\/vvc-transport-logistics.com\\\/#website\",\"url\":\"https:\\\/\\\/vvc-transport-logistics.com\\\/\",\"name\":\"vvc-transport-logistics\",\"description\":\"\",\"publisher\":{\"@id\":\"https:\\\/\\\/vvc-transport-logistics.com\\\/#\\\/schema\\\/person\\\/365529bfec32d7c586a428eb72ec45b8\"},\"potentialAction\":[{\"@type\":\"SearchAction\",\"target\":{\"@type\":\"EntryPoint\",\"urlTemplate\":\"https:\\\/\\\/vvc-transport-logistics.com\\\/?s={search_term_string}\"},\"query-input\":{\"@type\":\"PropertyValueSpecification\",\"valueRequired\":true,\"valueName\":\"search_term_string\"}}],\"inLanguage\":\"fr-FR\"},{\"@type\":[\"Person\",\"Organization\"],\"@id\":\"https:\\\/\\\/vvc-transport-logistics.com\\\/#\\\/schema\\\/person\\\/365529bfec32d7c586a428eb72ec45b8\",\"name\":\"admin5331\",\"image\":{\"@type\":\"ImageObject\",\"inLanguage\":\"fr-FR\",\"@id\":\"https:\\\/\\\/vvc-transport-logistics.com\\\/wp-content\\\/uploads\\\/2026\\\/01\\\/cropped-logo-4c2bd8d4-8fc2-4bbc-a14f-da80bf644aa1-Photoroom-15122025-compte-PRO-payant-1-1-1.png\",\"url\":\"https:\\\/\\\/vvc-transport-logistics.com\\\/wp-content\\\/uploads\\\/2026\\\/01\\\/cropped-logo-4c2bd8d4-8fc2-4bbc-a14f-da80bf644aa1-Photoroom-15122025-compte-PRO-payant-1-1-1.png\",\"contentUrl\":\"https:\\\/\\\/vvc-transport-logistics.com\\\/wp-content\\\/uploads\\\/2026\\\/01\\\/cropped-logo-4c2bd8d4-8fc2-4bbc-a14f-da80bf644aa1-Photoroom-15122025-compte-PRO-payant-1-1-1.png\",\"width\":1024,\"height\":410,\"caption\":\"admin5331\"},\"logo\":{\"@id\":\"https:\\\/\\\/vvc-transport-logistics.com\\\/wp-content\\\/uploads\\\/2026\\\/01\\\/cropped-logo-4c2bd8d4-8fc2-4bbc-a14f-da80bf644aa1-Photoroom-15122025-compte-PRO-payant-1-1-1.png\"},\"sameAs\":[\"http:\\\/\\\/vvc-transport-logistics.com\"]}]}<\/script>\n<!-- \/ Yoast SEO plugin. -->","yoast_head_json":{"title":"Politique de confidentialit\u00e9 - RGPD - vvc-transport-logistics","robots":{"index":"index","follow":"follow","max-snippet":"max-snippet:-1","max-image-preview":"max-image-preview:large","max-video-preview":"max-video-preview:-1"},"canonical":"https:\/\/vvc-transport-logistics.com\/index.php\/sample-page\/","og_locale":"fr_FR","og_type":"article","og_title":"Politique de confidentialit\u00e9 - RGPD - vvc-transport-logistics","og_url":"https:\/\/vvc-transport-logistics.com\/index.php\/sample-page\/","og_site_name":"vvc-transport-logistics","article_modified_time":"2026-02-11T20:17:53+00:00","twitter_card":"summary_large_image","schema":{"@context":"https:\/\/schema.org","@graph":[{"@type":"WebPage","@id":"https:\/\/vvc-transport-logistics.com\/index.php\/sample-page\/","url":"https:\/\/vvc-transport-logistics.com\/index.php\/sample-page\/","name":"Politique de confidentialit\u00e9 - RGPD - vvc-transport-logistics","isPartOf":{"@id":"https:\/\/vvc-transport-logistics.com\/#website"},"datePublished":"2025-11-04T19:33:37+00:00","dateModified":"2026-02-11T20:17:53+00:00","breadcrumb":{"@id":"https:\/\/vvc-transport-logistics.com\/index.php\/sample-page\/#breadcrumb"},"inLanguage":"fr-FR","potentialAction":[{"@type":"ReadAction","target":["https:\/\/vvc-transport-logistics.com\/index.php\/sample-page\/"]}]},{"@type":"BreadcrumbList","@id":"https:\/\/vvc-transport-logistics.com\/index.php\/sample-page\/#breadcrumb","itemListElement":[{"@type":"ListItem","position":1,"name":"Home","item":"https:\/\/vvc-transport-logistics.com\/"},{"@type":"ListItem","position":2,"name":"Politique de confidentialit\u00e9 &#8211; RGPD"}]},{"@type":"WebSite","@id":"https:\/\/vvc-transport-logistics.com\/#website","url":"https:\/\/vvc-transport-logistics.com\/","name":"vvc-transport-logistics","description":"","publisher":{"@id":"https:\/\/vvc-transport-logistics.com\/#\/schema\/person\/365529bfec32d7c586a428eb72ec45b8"},"potentialAction":[{"@type":"SearchAction","target":{"@type":"EntryPoint","urlTemplate":"https:\/\/vvc-transport-logistics.com\/?s={search_term_string}"},"query-input":{"@type":"PropertyValueSpecification","valueRequired":true,"valueName":"search_term_string"}}],"inLanguage":"fr-FR"},{"@type":["Person","Organization"],"@id":"https:\/\/vvc-transport-logistics.com\/#\/schema\/person\/365529bfec32d7c586a428eb72ec45b8","name":"admin5331","image":{"@type":"ImageObject","inLanguage":"fr-FR","@id":"https:\/\/vvc-transport-logistics.com\/wp-content\/uploads\/2026\/01\/cropped-logo-4c2bd8d4-8fc2-4bbc-a14f-da80bf644aa1-Photoroom-15122025-compte-PRO-payant-1-1-1.png","url":"https:\/\/vvc-transport-logistics.com\/wp-content\/uploads\/2026\/01\/cropped-logo-4c2bd8d4-8fc2-4bbc-a14f-da80bf644aa1-Photoroom-15122025-compte-PRO-payant-1-1-1.png","contentUrl":"https:\/\/vvc-transport-logistics.com\/wp-content\/uploads\/2026\/01\/cropped-logo-4c2bd8d4-8fc2-4bbc-a14f-da80bf644aa1-Photoroom-15122025-compte-PRO-payant-1-1-1.png","width":1024,"height":410,"caption":"admin5331"},"logo":{"@id":"https:\/\/vvc-transport-logistics.com\/wp-content\/uploads\/2026\/01\/cropped-logo-4c2bd8d4-8fc2-4bbc-a14f-da80bf644aa1-Photoroom-15122025-compte-PRO-payant-1-1-1.png"},"sameAs":["http:\/\/vvc-transport-logistics.com"]}]}},"jetpack_sharing_enabled":true,"_links":{"self":[{"href":"https:\/\/vvc-transport-logistics.com\/index.php\/wp-json\/wp\/v2\/pages\/2","targetHints":{"allow":["GET"]}}],"collection":[{"href":"https:\/\/vvc-transport-logistics.com\/index.php\/wp-json\/wp\/v2\/pages"}],"about":[{"href":"https:\/\/vvc-transport-logistics.com\/index.php\/wp-json\/wp\/v2\/types\/page"}],"author":[{"embeddable":true,"href":"https:\/\/vvc-transport-logistics.com\/index.php\/wp-json\/wp\/v2\/users\/1"}],"replies":[{"embeddable":true,"href":"https:\/\/vvc-transport-logistics.com\/index.php\/wp-json\/wp\/v2\/comments?post=2"}],"version-history":[{"count":0,"href":"https:\/\/vvc-transport-logistics.com\/index.php\/wp-json\/wp\/v2\/pages\/2\/revisions"}],"wp:attachment":[{"href":"https:\/\/vvc-transport-logistics.com\/index.php\/wp-json\/wp\/v2\/media?parent=2"}],"curies":[{"name":"wp","href":"https:\/\/api.w.org\/{rel}","templated":true}]}}