{"id":514,"date":"2026-01-11T16:48:08","date_gmt":"2026-01-11T16:48:08","guid":{"rendered":"https:\/\/vvc-transport-logistics.com\/?page_id=514"},"modified":"2026-03-04T15:30:20","modified_gmt":"2026-03-04T15:30:20","slug":"mentions-legales","status":"publish","type":"page","link":"https:\/\/vvc-transport-logistics.com\/index.php\/mentions-legales\/","title":{"rendered":"Mentions l\u00e9gales (EU)"},"content":{"rendered":"\n<p><strong>\u00c9diteur du site<\/strong><\/p>\n\n\n\n<p class=\"has-small-font-size\"><strong>Nom et pr\u00e9nom :<\/strong> <em>BRACHO Mariangel<\/em><br><strong>Statut :<\/strong> Entrepreneur individuel (EI) \u2013 Auto-entrepreneur<br><strong>Nom commercial :<\/strong> <strong>VVC Transport Logistics<\/strong><br><strong>Activit\u00e9 :<\/strong> Livraison l\u00e9g\u00e8re de marchandises<\/p>\n\n\n\n<p class=\"has-small-font-size\"><strong>Adresse de domiciliation :<\/strong><br>9 Rue de Cond\u00e9, Bureau 3<br>33000 Bordeaux \u2013 France<\/p>\n\n\n\n<p class=\"has-small-font-size\"><strong>T\u00e9l\u00e9phone :<\/strong> 0626848493<br><strong>Adresse e-mail :<\/strong> contact@vvc-transport-logistics.com<\/p>\n\n\n\n<p class=\"has-small-font-size\"><strong>SIREN \/ SIRET :<\/strong> 919 200 816 00024<br><strong>RCS :<\/strong> Bordeaux 919 200 816<br><strong>Code APE :<\/strong> <em>49.41B<\/em><\/p>\n\n\n\n<hr class=\"wp-block-separator has-alpha-channel-opacity\"\/>\n\n\n\n<p><strong>H\u00e9bergement du site<\/strong><\/p>\n\n\n\n<p class=\"has-small-font-size\"><strong>H\u00e9bergeur :<\/strong> OVH<br><strong>Adresse :<\/strong> 2 rue Kellermann \u2013 59100 Roubaix \u2013 France<br><strong>T\u00e9l\u00e9phone :<\/strong> 1007<br><strong>Site web :<\/strong> www.ovhcloud.com<\/p>\n\n\n\n<hr class=\"wp-block-separator has-alpha-channel-opacity\"\/>\n\n\n\n<p><strong>Propri\u00e9t\u00e9 intellectuelle<\/strong><\/p>\n\n\n\n<p class=\"has-small-font-size\">L\u2019ensemble des contenus pr\u00e9sents sur ce site (textes, images, logos, graphismes, etc.) est la propri\u00e9t\u00e9 exclusive de <strong>VVC Transport Logistics<\/strong>, sauf mention contraire.<br>Les images publi\u00e9es sur ce site sont prot\u00e9g\u00e9es par le droit d\u2019auteur. Toute reproduction, repr\u00e9sentation, modification ou diffusion, totale ou partielle, sans autorisation pr\u00e9alable est interdite.<\/p>\n\n\n\n<hr class=\"wp-block-separator has-alpha-channel-opacity\"\/>\n\n\n\n<p><strong>Donn\u00e9es personnelles<\/strong><\/p>\n\n\n\n<p class=\"has-small-font-size\">Ce site ne propose pas de vente en ligne.<br>Les donn\u00e9es personnelles \u00e9ventuellement collect\u00e9es (via formulaire de contact, WhatsApp ou email) sont utilis\u00e9es uniquement pour r\u00e9pondre aux demandes et dans le cadre de la relation professionnelle.<\/p>\n\n\n\n<p class=\"has-small-font-size\">Conform\u00e9ment au R\u00e8glement G\u00e9n\u00e9ral sur la Protection des Donn\u00e9es (RGPD), vous disposez d\u2019un droit d\u2019acc\u00e8s, de rectification et de suppression de vos donn\u00e9es personnelles.<br>Pour exercer ce droit, vous pouvez contacter : <strong>contact@vvc-transport-logistics.com<\/strong><\/p>\n\n\n\n<hr class=\"wp-block-separator has-alpha-channel-opacity\"\/>\n\n\n\n<p><strong>Responsabilit\u00e9<\/strong><\/p>\n\n\n\n<p class=\"has-small-font-size\">L\u2019\u00e9diteur du site s\u2019efforce de fournir des informations aussi pr\u00e9cises que possible. Toutefois, il ne saurait \u00eatre tenu responsable des omissions, inexactitudes ou carences dans la mise \u00e0 jour.<\/p>\n\n\n\n<hr class=\"wp-block-separator has-alpha-channel-opacity\"\/>\n\n\n\n<p><\/p>\n","protected":false},"excerpt":{"rendered":"<p>\u00c9diteur du site Nom et pr\u00e9nom : BRACHO MariangelStatut : Entrepreneur individuel (EI) \u2013 Auto-entrepreneurNom commercial : VVC Transport LogisticsActivit\u00e9<span class=\"more-dots\">&#8230;<\/span><\/p>\n","protected":false},"author":1,"featured_media":0,"parent":0,"menu_order":0,"comment_status":"closed","ping_status":"closed","template":"","meta":{"footnotes":""},"class_list":["post-514","page","type-page","status-publish","hentry","no-post-thumbnail"],"yoast_head":"<!-- This site is optimized with the Yoast SEO plugin v27.5 - https:\/\/yoast.com\/product\/yoast-seo-wordpress\/ -->\n<title>Mentions l\u00e9gales (EU) - vvc-transport-logistics<\/title>\n<meta name=\"robots\" content=\"index, follow, max-snippet:-1, max-image-preview:large, max-video-preview:-1\" \/>\n<link rel=\"canonical\" href=\"https:\/\/vvc-transport-logistics.com\/index.php\/mentions-legales\/\" \/>\n<meta property=\"og:locale\" content=\"fr_FR\" \/>\n<meta property=\"og:type\" content=\"article\" \/>\n<meta property=\"og:title\" content=\"Mentions l\u00e9gales (EU) - vvc-transport-logistics\" \/>\n<meta property=\"og:description\" content=\"\u00c9diteur du site Nom et pr\u00e9nom : BRACHO MariangelStatut : Entrepreneur individuel (EI) \u2013 Auto-entrepreneurNom commercial : VVC Transport LogisticsActivit\u00e9...\" \/>\n<meta property=\"og:url\" content=\"https:\/\/vvc-transport-logistics.com\/index.php\/mentions-legales\/\" \/>\n<meta property=\"og:site_name\" content=\"vvc-transport-logistics\" \/>\n<meta property=\"article:modified_time\" content=\"2026-03-04T15:30:20+00:00\" \/>\n<meta name=\"twitter:card\" content=\"summary_large_image\" \/>\n<meta name=\"twitter:label1\" content=\"Dur\u00e9e de lecture estim\u00e9e\" \/>\n\t<meta name=\"twitter:data1\" content=\"2 minutes\" \/>\n<script type=\"application\/ld+json\" class=\"yoast-schema-graph\">{\"@context\":\"https:\\\/\\\/schema.org\",\"@graph\":[{\"@type\":\"WebPage\",\"@id\":\"https:\\\/\\\/vvc-transport-logistics.com\\\/index.php\\\/mentions-legales\\\/\",\"url\":\"https:\\\/\\\/vvc-transport-logistics.com\\\/index.php\\\/mentions-legales\\\/\",\"name\":\"Mentions l\u00e9gales (EU) - vvc-transport-logistics\",\"isPartOf\":{\"@id\":\"https:\\\/\\\/vvc-transport-logistics.com\\\/#website\"},\"datePublished\":\"2026-01-11T16:48:08+00:00\",\"dateModified\":\"2026-03-04T15:30:20+00:00\",\"breadcrumb\":{\"@id\":\"https:\\\/\\\/vvc-transport-logistics.com\\\/index.php\\\/mentions-legales\\\/#breadcrumb\"},\"inLanguage\":\"fr-FR\",\"potentialAction\":[{\"@type\":\"ReadAction\",\"target\":[\"https:\\\/\\\/vvc-transport-logistics.com\\\/index.php\\\/mentions-legales\\\/\"]}]},{\"@type\":\"BreadcrumbList\",\"@id\":\"https:\\\/\\\/vvc-transport-logistics.com\\\/index.php\\\/mentions-legales\\\/#breadcrumb\",\"itemListElement\":[{\"@type\":\"ListItem\",\"position\":1,\"name\":\"Home\",\"item\":\"https:\\\/\\\/vvc-transport-logistics.com\\\/\"},{\"@type\":\"ListItem\",\"position\":2,\"name\":\"Mentions l\u00e9gales (EU)\"}]},{\"@type\":\"WebSite\",\"@id\":\"https:\\\/\\\/vvc-transport-logistics.com\\\/#website\",\"url\":\"https:\\\/\\\/vvc-transport-logistics.com\\\/\",\"name\":\"vvc-transport-logistics\",\"description\":\"\",\"publisher\":{\"@id\":\"https:\\\/\\\/vvc-transport-logistics.com\\\/#\\\/schema\\\/person\\\/365529bfec32d7c586a428eb72ec45b8\"},\"potentialAction\":[{\"@type\":\"SearchAction\",\"target\":{\"@type\":\"EntryPoint\",\"urlTemplate\":\"https:\\\/\\\/vvc-transport-logistics.com\\\/?s={search_term_string}\"},\"query-input\":{\"@type\":\"PropertyValueSpecification\",\"valueRequired\":true,\"valueName\":\"search_term_string\"}}],\"inLanguage\":\"fr-FR\"},{\"@type\":[\"Person\",\"Organization\"],\"@id\":\"https:\\\/\\\/vvc-transport-logistics.com\\\/#\\\/schema\\\/person\\\/365529bfec32d7c586a428eb72ec45b8\",\"name\":\"admin5331\",\"image\":{\"@type\":\"ImageObject\",\"inLanguage\":\"fr-FR\",\"@id\":\"https:\\\/\\\/vvc-transport-logistics.com\\\/wp-content\\\/uploads\\\/2026\\\/01\\\/cropped-logo-4c2bd8d4-8fc2-4bbc-a14f-da80bf644aa1-Photoroom-15122025-compte-PRO-payant-1-1-1.png\",\"url\":\"https:\\\/\\\/vvc-transport-logistics.com\\\/wp-content\\\/uploads\\\/2026\\\/01\\\/cropped-logo-4c2bd8d4-8fc2-4bbc-a14f-da80bf644aa1-Photoroom-15122025-compte-PRO-payant-1-1-1.png\",\"contentUrl\":\"https:\\\/\\\/vvc-transport-logistics.com\\\/wp-content\\\/uploads\\\/2026\\\/01\\\/cropped-logo-4c2bd8d4-8fc2-4bbc-a14f-da80bf644aa1-Photoroom-15122025-compte-PRO-payant-1-1-1.png\",\"width\":1024,\"height\":410,\"caption\":\"admin5331\"},\"logo\":{\"@id\":\"https:\\\/\\\/vvc-transport-logistics.com\\\/wp-content\\\/uploads\\\/2026\\\/01\\\/cropped-logo-4c2bd8d4-8fc2-4bbc-a14f-da80bf644aa1-Photoroom-15122025-compte-PRO-payant-1-1-1.png\"},\"sameAs\":[\"http:\\\/\\\/vvc-transport-logistics.com\"]}]}<\/script>\n<!-- \/ Yoast SEO plugin. -->","yoast_head_json":{"title":"Mentions l\u00e9gales (EU) - vvc-transport-logistics","robots":{"index":"index","follow":"follow","max-snippet":"max-snippet:-1","max-image-preview":"max-image-preview:large","max-video-preview":"max-video-preview:-1"},"canonical":"https:\/\/vvc-transport-logistics.com\/index.php\/mentions-legales\/","og_locale":"fr_FR","og_type":"article","og_title":"Mentions l\u00e9gales (EU) - vvc-transport-logistics","og_description":"\u00c9diteur du site Nom et pr\u00e9nom : BRACHO MariangelStatut : Entrepreneur individuel (EI) \u2013 Auto-entrepreneurNom commercial : VVC Transport LogisticsActivit\u00e9...","og_url":"https:\/\/vvc-transport-logistics.com\/index.php\/mentions-legales\/","og_site_name":"vvc-transport-logistics","article_modified_time":"2026-03-04T15:30:20+00:00","twitter_card":"summary_large_image","twitter_misc":{"Dur\u00e9e de lecture estim\u00e9e":"2 minutes"},"schema":{"@context":"https:\/\/schema.org","@graph":[{"@type":"WebPage","@id":"https:\/\/vvc-transport-logistics.com\/index.php\/mentions-legales\/","url":"https:\/\/vvc-transport-logistics.com\/index.php\/mentions-legales\/","name":"Mentions l\u00e9gales (EU) - vvc-transport-logistics","isPartOf":{"@id":"https:\/\/vvc-transport-logistics.com\/#website"},"datePublished":"2026-01-11T16:48:08+00:00","dateModified":"2026-03-04T15:30:20+00:00","breadcrumb":{"@id":"https:\/\/vvc-transport-logistics.com\/index.php\/mentions-legales\/#breadcrumb"},"inLanguage":"fr-FR","potentialAction":[{"@type":"ReadAction","target":["https:\/\/vvc-transport-logistics.com\/index.php\/mentions-legales\/"]}]},{"@type":"BreadcrumbList","@id":"https:\/\/vvc-transport-logistics.com\/index.php\/mentions-legales\/#breadcrumb","itemListElement":[{"@type":"ListItem","position":1,"name":"Home","item":"https:\/\/vvc-transport-logistics.com\/"},{"@type":"ListItem","position":2,"name":"Mentions l\u00e9gales (EU)"}]},{"@type":"WebSite","@id":"https:\/\/vvc-transport-logistics.com\/#website","url":"https:\/\/vvc-transport-logistics.com\/","name":"vvc-transport-logistics","description":"","publisher":{"@id":"https:\/\/vvc-transport-logistics.com\/#\/schema\/person\/365529bfec32d7c586a428eb72ec45b8"},"potentialAction":[{"@type":"SearchAction","target":{"@type":"EntryPoint","urlTemplate":"https:\/\/vvc-transport-logistics.com\/?s={search_term_string}"},"query-input":{"@type":"PropertyValueSpecification","valueRequired":true,"valueName":"search_term_string"}}],"inLanguage":"fr-FR"},{"@type":["Person","Organization"],"@id":"https:\/\/vvc-transport-logistics.com\/#\/schema\/person\/365529bfec32d7c586a428eb72ec45b8","name":"admin5331","image":{"@type":"ImageObject","inLanguage":"fr-FR","@id":"https:\/\/vvc-transport-logistics.com\/wp-content\/uploads\/2026\/01\/cropped-logo-4c2bd8d4-8fc2-4bbc-a14f-da80bf644aa1-Photoroom-15122025-compte-PRO-payant-1-1-1.png","url":"https:\/\/vvc-transport-logistics.com\/wp-content\/uploads\/2026\/01\/cropped-logo-4c2bd8d4-8fc2-4bbc-a14f-da80bf644aa1-Photoroom-15122025-compte-PRO-payant-1-1-1.png","contentUrl":"https:\/\/vvc-transport-logistics.com\/wp-content\/uploads\/2026\/01\/cropped-logo-4c2bd8d4-8fc2-4bbc-a14f-da80bf644aa1-Photoroom-15122025-compte-PRO-payant-1-1-1.png","width":1024,"height":410,"caption":"admin5331"},"logo":{"@id":"https:\/\/vvc-transport-logistics.com\/wp-content\/uploads\/2026\/01\/cropped-logo-4c2bd8d4-8fc2-4bbc-a14f-da80bf644aa1-Photoroom-15122025-compte-PRO-payant-1-1-1.png"},"sameAs":["http:\/\/vvc-transport-logistics.com"]}]}},"jetpack_sharing_enabled":true,"_links":{"self":[{"href":"https:\/\/vvc-transport-logistics.com\/index.php\/wp-json\/wp\/v2\/pages\/514","targetHints":{"allow":["GET"]}}],"collection":[{"href":"https:\/\/vvc-transport-logistics.com\/index.php\/wp-json\/wp\/v2\/pages"}],"about":[{"href":"https:\/\/vvc-transport-logistics.com\/index.php\/wp-json\/wp\/v2\/types\/page"}],"author":[{"embeddable":true,"href":"https:\/\/vvc-transport-logistics.com\/index.php\/wp-json\/wp\/v2\/users\/1"}],"replies":[{"embeddable":true,"href":"https:\/\/vvc-transport-logistics.com\/index.php\/wp-json\/wp\/v2\/comments?post=514"}],"version-history":[{"count":0,"href":"https:\/\/vvc-transport-logistics.com\/index.php\/wp-json\/wp\/v2\/pages\/514\/revisions"}],"wp:attachment":[{"href":"https:\/\/vvc-transport-logistics.com\/index.php\/wp-json\/wp\/v2\/media?parent=514"}],"curies":[{"name":"wp","href":"https:\/\/api.w.org\/{rel}","templated":true}]}}